{"id":292,"date":"2015-10-27T10:45:28","date_gmt":"2015-10-27T09:45:28","guid":{"rendered":"http:\/\/wptest.bkr-support.de\/?page_id=292"},"modified":"2022-11-24T12:59:38","modified_gmt":"2022-11-24T11:59:38","slug":"anwendungsbeispiele","status":"publish","type":"page","link":"\/clickandbuilds\/mbbusinesssoftware\/anwendungsbeispiele\/","title":{"rendered":"Anwendungsbeispiele"},"content":{"rendered":"<h1><span style=\"font-family: 'Open Sans';\">Anwendungsbeispiele<\/span><\/h1>\n<p><span style=\"font-family: 'Open Sans';\">Unsere Projekte sind in der Regel unterschiedlich und individuell an die jeweiligen Unternehmensbed\u00fcrfnisse angepasst. Zur Verdeutlichung unserer Arbeit zeigen wir Ihnen hier einige &#8222;Standards&#8220;. Zu einigen Elementen sehen Sie eine beispielhafte Umsetzung, die die spezifischen W\u00fcnsche des Kunden ganz gezielt erf\u00fcllt. Wenn Sie sich \u00fcber die Verlinkung diese Beispiele eingehender ansehen und die Vorteile kennenlernen m\u00f6chten, kontaktieren Sie uns. Wir erkl\u00e4ren Ihnen die dadurch erzielbaren Vereinfachungen oder Zusatznutzen gern genauer.<\/span><\/p>\n<p><span style=\"font-family: 'Open Sans';\"><div style=\"background-color:#f5f5f5; color:#333333;\" class=\"lts_section \"><div class=\"lts_section_body\"><\/span><\/p>\n<h2><span style=\"font-family: 'Open Sans';\">Unsere Online Tools enthalten typischerweise folgende Elemente:<\/span><\/h2>\n<p><span style=\"font-family: 'Open Sans';\"><strong>User-Verwaltung:<\/strong> Benutzerverwaltung beinhaltet Rechtestruktur und Teamzugeh\u00f6rigkeit. Jede \u00c4nderung wird automatisch protokolliert. F\u00fcr jeden User lassen sich beispielsweise folgende Berechtigungen einstellen:<\/span><\/p>\n<ul>\n<li><span style=\"font-family: 'Open Sans';\">Art der User-Anmeldung<\/span><\/li>\n<li><span style=\"font-family: 'Open Sans';\">Berechtigung, E-Mails aus dem Tool zu erhalten<\/span><\/li>\n<li><span style=\"font-family: 'Open Sans';\">Administratorrechte und Gruppenrichtlinien<\/span><\/li>\n<li><span style=\"font-family: 'Open Sans';\">Lese- und Schreibzugriff<\/span><\/li>\n<li><span style=\"font-family: 'Open Sans';\">Sichtbarkeit empfindlicher Daten<\/span><\/li>\n<li><span style=\"font-family: 'Open Sans';\">mehr&#8230;<\/span><\/li>\n<\/ul>\n<p><span style=\"font-family: 'Open Sans';\"><strong>Team-Funktionen:<\/strong> \u00dcbernahme von Aufgaben aus einer Liste, Abarbeitung und Weitergabe an andere Funktionstr\u00e4ger.<\/span><\/p>\n<p><span style=\"font-family: 'Open Sans';\"><strong>Navigation mit Laschenstruktur:<\/strong> Die Laschenstruktur ist in Ebenen unterteilt und kann beliebig viele Unterebenen enthalten. Die Sichtbarkeit einzelner Laschen kann an Benutzerrechte (Lese-\/Schreibzugriff) und die Funktionalit\u00e4t (Vollst\u00e4ndigkeitspr\u00fcfung) der jeweiligen Laschenseite gekoppelt werden. Die Laschenstruktur ist nur als ein Beispiel angegeben, wir k\u00f6nnen das auch anders gestalten, z.B. in Form eines Trees im rechten oder linken Seitenbereich. mehr&#8230;<\/span><\/p>\n<p><span style=\"font-family: 'Open Sans';\"><strong>Dynamische Eingabeseiten mit umfangreicher Businesslogik:<\/strong> Bereits bei einer Dateneingabe werden Konsistenzen gepr\u00fcft, Berechnungen sofort angepasst und sinnvolle Folgeaktionen zur Auswahl gestellt. Dies senkt die Fehlerquote in Erfassungsprozessen und vereinfacht und beschleunigt die Datenerfassung.<\/span><\/p>\n<p><span style=\"font-family: 'Open Sans';\"><strong>\u00dcbersichtliche Listen:<\/strong> mit komfortablen Filterungs- und Sortierfunktionen<\/span><\/p>\n<p><span style=\"font-family: 'Open Sans';\">Controlling-Funktionen f\u00fcr Projekte, Ma\u00dfnahmen, Audits und jede andere Art von verfolgbaren Prozessen. Dabei wird abgebildet, wer wann was machen soll, gemacht hat, welche Ergebnisse dabei erzielt wurden und ob der Prozess im Plan, in Verzug, noch offen oder bereits erledigt ist. Als besonders komplexes Beispiel kann hier die Meilensteinplanung dienen.<\/span><\/p>\n<p><span style=\"font-family: 'Open Sans';\"><strong>Meilensteinplanung:<\/strong> Die Meilensteinplanung bietet Ihnen Fortschrittsanzeige und die Bearbeitung eines Projektes in jeder Projektphase an. Die Anzahl der Meilensteine kann entweder fest definiert sein oder dynamisch in Abh\u00e4ngigkeit des Projekttyps ermittelt werden. mehr&#8230;<\/span><\/p>\n<p><span style=\"font-family: 'Open Sans';\"><strong>Reporting:<\/strong> Durch die saubere Datenmodellierung k\u00f6nnen Daten in allen erdenklichen Weisen ausgewertet werden. Beim flexiblen Reporting kann sich der User sogar selbst Berichte zusammenstellen und sie sich in selbst bestimmten Intervallen (z.B. monatlich) mit den jeweils aktuellen Daten zumailen lassen.<\/span><\/p>\n<p><span style=\"font-family: 'Open Sans';\"><strong>Flexibles Reporting:<\/strong> Sie erhalten Projektberichte, Umsatzdiagramme und vieles mehr in Excel, Powerpoint, PDF und XML. Sichtbare Datenbankfelder sind frei definierbar und sortierbar, Projektfilter sind editierbar. Lassen Sie sich monatlich automatisierte Reports mit den aktuellen Kennzahlen per E-Mail zuschicken. mehr&#8230;<\/div><\/div><\/span><br \/>\n<span style=\"font-family: 'Open Sans';\"><em>Diese Beispiele sind vielfach nicht selbsterkl\u00e4rend und der Nutzen ist leichter erkennbar, wenn wir Ihnen telefonisch oder pers\u00f6nlich weitere Informationen dazu geben. Wir erl\u00e4utern Ihnen gern anhand der hinterlegten Ansichten ausf\u00fchrlich die Einsparungspotenziale der Anwendungen. Vereinbaren Sie einen Telefon-Termin mit uns und wir zeigen Ihnen Ihre M\u00f6glichkeiten auf, die Effizienz Ihrer Mitarbeiter zu steigern.<\/em><\/span><\/p>\n","protected":false},"excerpt":{"rendered":"<p>Anwendungsbeispiele Unsere Projekte sind in der Regel unterschiedlich und individuell an die jeweiligen Unternehmensbed\u00fcrfnisse angepasst. Zur Verdeutlichung unserer Arbeit zeigen wir Ihnen hier einige &#8222;Standards&#8220;. Zu einigen Elementen sehen Sie eine beispielhafte Umsetzung, die die spezifischen W\u00fcnsche des Kunden ganz gezielt erf\u00fcllt. Wenn Sie sich \u00fcber die Verlinkung diese Beispiele eingehender ansehen und die Vorteile<br \/><a class=\"moretag\" href=\"\/clickandbuilds\/mbbusinesssoftware\/anwendungsbeispiele\/\">+ Lesen Sie mehr<\/a><\/p>\n","protected":false},"author":5,"featured_media":0,"parent":0,"menu_order":0,"comment_status":"closed","ping_status":"closed","template":"","meta":[],"yoast_head":"<!-- This site is optimized with the Yoast SEO plugin v19.14 - https:\/\/yoast.com\/wordpress\/plugins\/seo\/ -->\n<title>Anwendungsbeispiele - Benutzerverwaltung, Listen, Meilensteinplanung, Berichte, Reporting...<\/title>\n<meta name=\"description\" content=\"Anwendungsbeispiele - Benutzerverwaltung, Listen, Meilensteinplanung, Berichte, Reporting...\" \/>\n<meta name=\"robots\" content=\"index, follow, max-snippet:-1, max-image-preview:large, max-video-preview:-1\" \/>\n<link rel=\"canonical\" href=\"http:\/\/clickandbuilds\/mbbusinesssoftware\/anwendungsbeispiele\/clickandbuilds\/mbbusinesssoftware\/anwendungsbeispiele\/\" \/>\n<meta property=\"og:locale\" content=\"de_DE\" \/>\n<meta property=\"og:type\" content=\"article\" \/>\n<meta property=\"og:title\" content=\"Anwendungsbeispiele - Benutzerverwaltung, Listen, Meilensteinplanung, Berichte, Reporting...\" \/>\n<meta property=\"og:description\" content=\"Anwendungsbeispiele - Benutzerverwaltung, Listen, Meilensteinplanung, Berichte, Reporting...\" \/>\n<meta property=\"og:url\" content=\"\/clickandbuilds\/mbbusinesssoftware\/anwendungsbeispiele\/\" \/>\n<meta property=\"og:site_name\" content=\"mb-business-software\" \/>\n<meta property=\"article:modified_time\" content=\"2022-11-24T11:59:38+00:00\" \/>\n<meta name=\"twitter:card\" content=\"summary_large_image\" \/>\n<meta name=\"twitter:label1\" content=\"Gesch\u00e4tzte Lesezeit\" \/>\n\t<meta name=\"twitter:data1\" content=\"2\u00a0Minuten\" \/>\n<script type=\"application\/ld+json\" class=\"yoast-schema-graph\">{\"@context\":\"https:\/\/schema.org\",\"@graph\":[{\"@type\":\"WebPage\",\"@id\":\"\/clickandbuilds\/mbbusinesssoftware\/anwendungsbeispiele\/\",\"url\":\"clickandbuilds\/mbbusinesssoftware\/anwendungsbeispiele\/clickandbuilds\/mbbusinesssoftware\/anwendungsbeispiele\/\",\"name\":\"Anwendungsbeispiele - Benutzerverwaltung, Listen, Meilensteinplanung, Berichte, Reporting...\",\"isPartOf\":{\"@id\":\"\/clickandbuilds\/mbbusinesssoftware\/#website\"},\"datePublished\":\"2015-10-27T09:45:28+00:00\",\"dateModified\":\"2022-11-24T11:59:38+00:00\",\"description\":\"Anwendungsbeispiele - Benutzerverwaltung, Listen, Meilensteinplanung, Berichte, Reporting...\",\"breadcrumb\":{\"@id\":\"clickandbuilds\/mbbusinesssoftware\/anwendungsbeispiele\/clickandbuilds\/mbbusinesssoftware\/anwendungsbeispiele\/#breadcrumb\"},\"inLanguage\":\"de\",\"potentialAction\":[{\"@type\":\"ReadAction\",\"target\":[\"clickandbuilds\/mbbusinesssoftware\/anwendungsbeispiele\/clickandbuilds\/mbbusinesssoftware\/anwendungsbeispiele\/\"]}]},{\"@type\":\"BreadcrumbList\",\"@id\":\"clickandbuilds\/mbbusinesssoftware\/anwendungsbeispiele\/clickandbuilds\/mbbusinesssoftware\/anwendungsbeispiele\/#breadcrumb\",\"itemListElement\":[{\"@type\":\"ListItem\",\"position\":1,\"name\":\"Startseite\",\"item\":\"\/clickandbuilds\/mbbusinesssoftware\/\"},{\"@type\":\"ListItem\",\"position\":2,\"name\":\"Anwendungsbeispiele\"}]},{\"@type\":\"WebSite\",\"@id\":\"\/clickandbuilds\/mbbusinesssoftware\/#website\",\"url\":\"\/clickandbuilds\/mbbusinesssoftware\/\",\"name\":\"mb-business-software\",\"description\":\"MB Business Software - Perfekt auf Sie zugeschnitten\",\"publisher\":{\"@id\":\"\/clickandbuilds\/mbbusinesssoftware\/#organization\"},\"potentialAction\":[{\"@type\":\"SearchAction\",\"target\":{\"@type\":\"EntryPoint\",\"urlTemplate\":\"\/clickandbuilds\/mbbusinesssoftware\/?s={search_term_string}\"},\"query-input\":\"required name=search_term_string\"}],\"inLanguage\":\"de\"},{\"@type\":\"Organization\",\"@id\":\"\/clickandbuilds\/mbbusinesssoftware\/#organization\",\"name\":\"MB Business Software\",\"url\":\"\/clickandbuilds\/mbbusinesssoftware\/\",\"logo\":{\"@type\":\"ImageObject\",\"inLanguage\":\"de\",\"@id\":\"\/clickandbuilds\/mbbusinesssoftware\/#\/schema\/logo\/image\/\",\"url\":\"https:\/\/mb-business-software.de\/wp-content\/uploads\/2019\/05\/icon_MBBS.png\",\"contentUrl\":\"https:\/\/mb-business-software.de\/wp-content\/uploads\/2019\/05\/icon_MBBS.png\",\"width\":149,\"height\":115,\"caption\":\"MB Business Software\"},\"image\":{\"@id\":\"\/clickandbuilds\/mbbusinesssoftware\/#\/schema\/logo\/image\/\"}}]}<\/script>\n<!-- \/ Yoast SEO plugin. -->","yoast_head_json":{"title":"Anwendungsbeispiele - Benutzerverwaltung, Listen, Meilensteinplanung, Berichte, Reporting...","description":"Anwendungsbeispiele - Benutzerverwaltung, Listen, Meilensteinplanung, Berichte, Reporting...","robots":{"index":"index","follow":"follow","max-snippet":"max-snippet:-1","max-image-preview":"max-image-preview:large","max-video-preview":"max-video-preview:-1"},"canonical":"clickandbuilds\/mbbusinesssoftware\/anwendungsbeispiele\/clickandbuilds\/mbbusinesssoftware\/anwendungsbeispiele\/","og_locale":"de_DE","og_type":"article","og_title":"Anwendungsbeispiele - Benutzerverwaltung, Listen, Meilensteinplanung, Berichte, Reporting...","og_description":"Anwendungsbeispiele - Benutzerverwaltung, Listen, Meilensteinplanung, Berichte, Reporting...","og_url":"\/clickandbuilds\/mbbusinesssoftware\/anwendungsbeispiele\/","og_site_name":"mb-business-software","article_modified_time":"2022-11-24T11:59:38+00:00","twitter_card":"summary_large_image","twitter_misc":{"Gesch\u00e4tzte Lesezeit":"2\u00a0Minuten"},"schema":{"@context":"https:\/\/schema.org","@graph":[{"@type":"WebPage","@id":"\/clickandbuilds\/mbbusinesssoftware\/anwendungsbeispiele\/","url":"clickandbuilds\/mbbusinesssoftware\/anwendungsbeispiele\/clickandbuilds\/mbbusinesssoftware\/anwendungsbeispiele\/","name":"Anwendungsbeispiele - Benutzerverwaltung, Listen, Meilensteinplanung, Berichte, Reporting...","isPartOf":{"@id":"\/clickandbuilds\/mbbusinesssoftware\/#website"},"datePublished":"2015-10-27T09:45:28+00:00","dateModified":"2022-11-24T11:59:38+00:00","description":"Anwendungsbeispiele - Benutzerverwaltung, Listen, Meilensteinplanung, Berichte, Reporting...","breadcrumb":{"@id":"clickandbuilds\/mbbusinesssoftware\/anwendungsbeispiele\/clickandbuilds\/mbbusinesssoftware\/anwendungsbeispiele\/#breadcrumb"},"inLanguage":"de","potentialAction":[{"@type":"ReadAction","target":["clickandbuilds\/mbbusinesssoftware\/anwendungsbeispiele\/clickandbuilds\/mbbusinesssoftware\/anwendungsbeispiele\/"]}]},{"@type":"BreadcrumbList","@id":"clickandbuilds\/mbbusinesssoftware\/anwendungsbeispiele\/clickandbuilds\/mbbusinesssoftware\/anwendungsbeispiele\/#breadcrumb","itemListElement":[{"@type":"ListItem","position":1,"name":"Startseite","item":"\/clickandbuilds\/mbbusinesssoftware\/"},{"@type":"ListItem","position":2,"name":"Anwendungsbeispiele"}]},{"@type":"WebSite","@id":"\/clickandbuilds\/mbbusinesssoftware\/#website","url":"\/clickandbuilds\/mbbusinesssoftware\/","name":"mb-business-software","description":"MB Business Software - Perfekt auf Sie zugeschnitten","publisher":{"@id":"\/clickandbuilds\/mbbusinesssoftware\/#organization"},"potentialAction":[{"@type":"SearchAction","target":{"@type":"EntryPoint","urlTemplate":"\/clickandbuilds\/mbbusinesssoftware\/?s={search_term_string}"},"query-input":"required name=search_term_string"}],"inLanguage":"de"},{"@type":"Organization","@id":"\/clickandbuilds\/mbbusinesssoftware\/#organization","name":"MB Business Software","url":"\/clickandbuilds\/mbbusinesssoftware\/","logo":{"@type":"ImageObject","inLanguage":"de","@id":"\/clickandbuilds\/mbbusinesssoftware\/#\/schema\/logo\/image\/","url":"https:\/\/mb-business-software.de\/wp-content\/uploads\/2019\/05\/icon_MBBS.png","contentUrl":"https:\/\/mb-business-software.de\/wp-content\/uploads\/2019\/05\/icon_MBBS.png","width":149,"height":115,"caption":"MB Business Software"},"image":{"@id":"\/clickandbuilds\/mbbusinesssoftware\/#\/schema\/logo\/image\/"}}]}},"_links":{"self":[{"href":"\/clickandbuilds\/mbbusinesssoftware\/wp-json\/wp\/v2\/pages\/292"}],"collection":[{"href":"\/clickandbuilds\/mbbusinesssoftware\/wp-json\/wp\/v2\/pages"}],"about":[{"href":"\/clickandbuilds\/mbbusinesssoftware\/wp-json\/wp\/v2\/types\/page"}],"author":[{"embeddable":true,"href":"\/clickandbuilds\/mbbusinesssoftware\/wp-json\/wp\/v2\/users\/5"}],"replies":[{"embeddable":true,"href":"\/clickandbuilds\/mbbusinesssoftware\/wp-json\/wp\/v2\/comments?post=292"}],"version-history":[{"count":12,"href":"\/clickandbuilds\/mbbusinesssoftware\/wp-json\/wp\/v2\/pages\/292\/revisions"}],"predecessor-version":[{"id":637,"href":"\/clickandbuilds\/mbbusinesssoftware\/wp-json\/wp\/v2\/pages\/292\/revisions\/637"}],"wp:attachment":[{"href":"\/clickandbuilds\/mbbusinesssoftware\/wp-json\/wp\/v2\/media?parent=292"}],"curies":[{"name":"wp","href":"https:\/\/api.w.org\/{rel}","templated":true}]}}