{"id":295,"date":"2015-10-27T10:45:49","date_gmt":"2015-10-27T09:45:49","guid":{"rendered":"http:\/\/wptest.bkr-support.de\/?page_id=295"},"modified":"2022-11-24T12:55:28","modified_gmt":"2022-11-24T11:55:28","slug":"referenzprojekte","status":"publish","type":"page","link":"\/clickandbuilds\/mbbusinesssoftware\/referenzprojekte\/","title":{"rendered":"Referenzprojekte"},"content":{"rendered":"<h1><span style=\"font-family: 'Open Sans';\">Referenzprojekte<\/span><\/h1>\n<p><span style=\"font-family: 'Open Sans';\">Hier finden Sie kurze und konkrete Projektbeschreibungen. Vielleicht finden Sie auch schon eine Idee, wie wir Ihre t\u00e4gliche Arbeit erleichtern k\u00f6nnen.<\/span><\/p>\n<p><span style=\"font-family: 'Open Sans';\"><div style=\"background-color:#f5f5f5; color:#333333;\" class=\"lts_section \"><div class=\"lts_section_body\"><\/span><\/p>\n<p><span style=\"font-family: 'Open Sans';\"><strong>Nokia Siemens Networks<\/strong><\/span><\/p>\n<p><span style=\"font-family: 'Open Sans';\">Die Netzwerksparten von Siemens und Nokia haben fusioniert. Wir haben den Vertrieb im Bereich Angebotserstellung und -verfolgung unterst\u00fctzt. Ziel war, weltweit tausenden von Mitarbeitern Zugang zu relevanten Kunden- und Auftragsdaten hierarchisch strukturiert und individuell skalierbar zu erm\u00f6glichen.<\/span><\/p>\n<p><span style=\"font-family: 'Open Sans';\">Sales Workflow Management<\/span><\/p>\n<p><span style=\"font-family: 'Open Sans';\">Steckbrief (PDF, 72 kB)<\/span><\/p>\n<p><span style=\"font-family: 'Open Sans';\"><strong>Siemens AG &#8211; Industry Mobility<\/strong><\/span><\/p>\n<p><span style=\"font-family: 'Open Sans';\">Siemens verfolgt allein im Bereich &#8222;Industry Mobility&#8220; gleichzeitig hunderte von Projekten. Die Projektliste hilft, involvierte Mitarbeiter zu finden und zu kontaktieren, Milestones zu \u00fcberwachen, flexible Reports zu erstellen und alle wichtigen Informationen zu hinterlegen und wiederzufinden.<\/span><\/p>\n<p><span style=\"font-family: 'Open Sans';\">Projektliste&#8230;Steckbrief (PDF, 69 kB)<\/span><\/p>\n<p><span style=\"font-family: 'Open Sans';\"><strong>Siemens AG &#8211; Industry Mobility<\/strong><\/span><\/p>\n<p><span style=\"font-family: 'Open Sans';\">Das Quality Management Tool dient dem schnellen Informationsaustausch zwischen allen beteiligten Mitarbeitern \u00fcber im Fertigungsprozess auftretende Komplikationen und allen notwendigen Ma\u00dfnahmen zu deren \u00dcberwindung. Reports und Diagramme zur Berichterstattung k\u00f6nnen leicht erzeugt und weitergeleitet werden.<\/span><\/p>\n<p><span style=\"font-family: 'Open Sans';\">Quality Management Tool&#8230;Steckbrief (PDF, 69 kB)<\/span><\/p>\n<p><span style=\"font-family: 'Open Sans';\"><strong>Siemens AG &#8211; Industry Mobility<\/strong><\/span><\/p>\n<p><span style=\"font-family: 'Open Sans';\">Ein Online-Tool zur Verwaltung wichtiger Kunden- und Angebotsdaten und der \u00dcberwachung aller offenen und der Dokumentation aller abgeschlossenen Projekte war das Ziel.<\/span><\/p>\n<p><span style=\"font-family: 'Open Sans';\">Account Management Tool&#8230;Steckbrief (PDF, 78 kB)<\/span><\/p>\n<p><span style=\"font-family: 'Open Sans';\"><strong>Siemens AG &#8211; Industry Mobility<\/strong><\/span><\/p>\n<p><span style=\"font-family: 'Open Sans';\">Ein einheitliches, weltweit einsetzbares Instrument zur Planung zuk\u00fcnftiger Vertriebsaktivit\u00e4ten und zum Erstellen von Forecasts und Reports in verschiedenen Regionen und Organisationseinheiten wurde gew\u00fcnscht und erschaffen.<\/span><\/p>\n<p><span style=\"font-family: 'Open Sans';\">Business Target Agreement (BTA)&#8230;Steckbrief (PDF, 73 kB)<\/span><\/p>\n<p><span style=\"font-family: 'Open Sans';\"><strong>Siemens AG &#8211; Industry Mobility<\/strong><\/span><\/p>\n<p><span style=\"font-family: 'Open Sans';\">Ein Online-Tool, mit dem unser Kunde in der Lage ist, seine Ma\u00dfnahmen zur Umsetzung eines Prozesses sehr einfach zu planen und zu controllen.<\/span><\/p>\n<p><span style=\"font-family: 'Open Sans';\">RPT Tool&#8230;Steckbrief (PDF, 76 kB)<\/div><\/div><\/span><\/p>\n<p><span style=\"font-family: 'Open Sans';\"><em>Die Projektsteckbriefe skizzieren individuelle Kundenw\u00fcnsche. Wir finden auch f\u00fcr Ihren Optimierungswunsch die passende L\u00f6sung und helfen Ihnen Daten, Informationen und Berichte schneller, einfacher und sicherer zu erstellen und an die gew\u00fcnschten Stellen zu verbreiten.<\/em><\/span><\/p>\n<p><span style=\"font-family: 'Open Sans';\"><em>Die Anwendungsbeispiele zeigen, wie dies aussehen k\u00f6nnte. Lassen Sie sich von uns in einem kurzen Telefonat zeigen, welchen Nutzen die Tools haben. Wenn Sie Optimierungsm\u00f6glichkeiten in Ihrer Verwaltung haben, werden wir Ihnen m\u00f6gliche L\u00f6sungen daf\u00fcr aufzeigen.<\/em><\/span><\/p>\n","protected":false},"excerpt":{"rendered":"<p>Referenzprojekte Hier finden Sie kurze und konkrete Projektbeschreibungen. Vielleicht finden Sie auch schon eine Idee, wie wir Ihre t\u00e4gliche Arbeit erleichtern k\u00f6nnen. Die Projektsteckbriefe skizzieren individuelle Kundenw\u00fcnsche. Wir finden auch f\u00fcr Ihren Optimierungswunsch die passende L\u00f6sung und helfen Ihnen Daten, Informationen und Berichte schneller, einfacher und sicherer zu erstellen und an die gew\u00fcnschten Stellen zu<br \/><a class=\"moretag\" href=\"\/clickandbuilds\/mbbusinesssoftware\/referenzprojekte\/\">+ Lesen Sie mehr<\/a><\/p>\n","protected":false},"author":5,"featured_media":0,"parent":0,"menu_order":0,"comment_status":"closed","ping_status":"closed","template":"","meta":[],"yoast_head":"<!-- This site is optimized with the Yoast SEO plugin v19.14 - https:\/\/yoast.com\/wordpress\/plugins\/seo\/ -->\n<title>Referenzprojekte - konkrete Projektbeschreibungen<\/title>\n<meta name=\"description\" content=\"Referenzprojekte - konkrete Projektbeschreibungen\" \/>\n<meta name=\"robots\" content=\"index, follow, max-snippet:-1, max-image-preview:large, max-video-preview:-1\" \/>\n<link rel=\"canonical\" href=\"http:\/\/clickandbuilds\/mbbusinesssoftware\/referenzprojekte\/clickandbuilds\/mbbusinesssoftware\/referenzprojekte\/\" \/>\n<meta property=\"og:locale\" content=\"de_DE\" \/>\n<meta property=\"og:type\" content=\"article\" \/>\n<meta property=\"og:title\" content=\"Referenzprojekte - konkrete Projektbeschreibungen\" \/>\n<meta property=\"og:description\" content=\"Referenzprojekte - konkrete Projektbeschreibungen\" \/>\n<meta property=\"og:url\" content=\"\/clickandbuilds\/mbbusinesssoftware\/referenzprojekte\/\" \/>\n<meta property=\"og:site_name\" content=\"mb-business-software\" \/>\n<meta property=\"article:modified_time\" content=\"2022-11-24T11:55:28+00:00\" \/>\n<meta name=\"twitter:card\" content=\"summary_large_image\" \/>\n<meta name=\"twitter:label1\" content=\"Gesch\u00e4tzte Lesezeit\" \/>\n\t<meta name=\"twitter:data1\" content=\"2\u00a0Minuten\" \/>\n<script type=\"application\/ld+json\" class=\"yoast-schema-graph\">{\"@context\":\"https:\/\/schema.org\",\"@graph\":[{\"@type\":\"WebPage\",\"@id\":\"\/clickandbuilds\/mbbusinesssoftware\/referenzprojekte\/\",\"url\":\"clickandbuilds\/mbbusinesssoftware\/referenzprojekte\/clickandbuilds\/mbbusinesssoftware\/referenzprojekte\/\",\"name\":\"Referenzprojekte - konkrete Projektbeschreibungen\",\"isPartOf\":{\"@id\":\"\/clickandbuilds\/mbbusinesssoftware\/#website\"},\"datePublished\":\"2015-10-27T09:45:49+00:00\",\"dateModified\":\"2022-11-24T11:55:28+00:00\",\"description\":\"Referenzprojekte - konkrete Projektbeschreibungen\",\"breadcrumb\":{\"@id\":\"clickandbuilds\/mbbusinesssoftware\/referenzprojekte\/clickandbuilds\/mbbusinesssoftware\/referenzprojekte\/#breadcrumb\"},\"inLanguage\":\"de\",\"potentialAction\":[{\"@type\":\"ReadAction\",\"target\":[\"clickandbuilds\/mbbusinesssoftware\/referenzprojekte\/clickandbuilds\/mbbusinesssoftware\/referenzprojekte\/\"]}]},{\"@type\":\"BreadcrumbList\",\"@id\":\"clickandbuilds\/mbbusinesssoftware\/referenzprojekte\/clickandbuilds\/mbbusinesssoftware\/referenzprojekte\/#breadcrumb\",\"itemListElement\":[{\"@type\":\"ListItem\",\"position\":1,\"name\":\"Startseite\",\"item\":\"\/clickandbuilds\/mbbusinesssoftware\/\"},{\"@type\":\"ListItem\",\"position\":2,\"name\":\"Referenzprojekte\"}]},{\"@type\":\"WebSite\",\"@id\":\"\/clickandbuilds\/mbbusinesssoftware\/#website\",\"url\":\"\/clickandbuilds\/mbbusinesssoftware\/\",\"name\":\"mb-business-software\",\"description\":\"MB Business Software - Perfekt auf Sie zugeschnitten\",\"publisher\":{\"@id\":\"\/clickandbuilds\/mbbusinesssoftware\/#organization\"},\"potentialAction\":[{\"@type\":\"SearchAction\",\"target\":{\"@type\":\"EntryPoint\",\"urlTemplate\":\"\/clickandbuilds\/mbbusinesssoftware\/?s={search_term_string}\"},\"query-input\":\"required name=search_term_string\"}],\"inLanguage\":\"de\"},{\"@type\":\"Organization\",\"@id\":\"\/clickandbuilds\/mbbusinesssoftware\/#organization\",\"name\":\"MB Business Software\",\"url\":\"\/clickandbuilds\/mbbusinesssoftware\/\",\"logo\":{\"@type\":\"ImageObject\",\"inLanguage\":\"de\",\"@id\":\"\/clickandbuilds\/mbbusinesssoftware\/#\/schema\/logo\/image\/\",\"url\":\"https:\/\/mb-business-software.de\/wp-content\/uploads\/2019\/05\/icon_MBBS.png\",\"contentUrl\":\"https:\/\/mb-business-software.de\/wp-content\/uploads\/2019\/05\/icon_MBBS.png\",\"width\":149,\"height\":115,\"caption\":\"MB Business Software\"},\"image\":{\"@id\":\"\/clickandbuilds\/mbbusinesssoftware\/#\/schema\/logo\/image\/\"}}]}<\/script>\n<!-- \/ Yoast SEO plugin. -->","yoast_head_json":{"title":"Referenzprojekte - konkrete Projektbeschreibungen","description":"Referenzprojekte - konkrete Projektbeschreibungen","robots":{"index":"index","follow":"follow","max-snippet":"max-snippet:-1","max-image-preview":"max-image-preview:large","max-video-preview":"max-video-preview:-1"},"canonical":"clickandbuilds\/mbbusinesssoftware\/referenzprojekte\/clickandbuilds\/mbbusinesssoftware\/referenzprojekte\/","og_locale":"de_DE","og_type":"article","og_title":"Referenzprojekte - konkrete Projektbeschreibungen","og_description":"Referenzprojekte - konkrete Projektbeschreibungen","og_url":"\/clickandbuilds\/mbbusinesssoftware\/referenzprojekte\/","og_site_name":"mb-business-software","article_modified_time":"2022-11-24T11:55:28+00:00","twitter_card":"summary_large_image","twitter_misc":{"Gesch\u00e4tzte Lesezeit":"2\u00a0Minuten"},"schema":{"@context":"https:\/\/schema.org","@graph":[{"@type":"WebPage","@id":"\/clickandbuilds\/mbbusinesssoftware\/referenzprojekte\/","url":"clickandbuilds\/mbbusinesssoftware\/referenzprojekte\/clickandbuilds\/mbbusinesssoftware\/referenzprojekte\/","name":"Referenzprojekte - konkrete Projektbeschreibungen","isPartOf":{"@id":"\/clickandbuilds\/mbbusinesssoftware\/#website"},"datePublished":"2015-10-27T09:45:49+00:00","dateModified":"2022-11-24T11:55:28+00:00","description":"Referenzprojekte - konkrete Projektbeschreibungen","breadcrumb":{"@id":"clickandbuilds\/mbbusinesssoftware\/referenzprojekte\/clickandbuilds\/mbbusinesssoftware\/referenzprojekte\/#breadcrumb"},"inLanguage":"de","potentialAction":[{"@type":"ReadAction","target":["clickandbuilds\/mbbusinesssoftware\/referenzprojekte\/clickandbuilds\/mbbusinesssoftware\/referenzprojekte\/"]}]},{"@type":"BreadcrumbList","@id":"clickandbuilds\/mbbusinesssoftware\/referenzprojekte\/clickandbuilds\/mbbusinesssoftware\/referenzprojekte\/#breadcrumb","itemListElement":[{"@type":"ListItem","position":1,"name":"Startseite","item":"\/clickandbuilds\/mbbusinesssoftware\/"},{"@type":"ListItem","position":2,"name":"Referenzprojekte"}]},{"@type":"WebSite","@id":"\/clickandbuilds\/mbbusinesssoftware\/#website","url":"\/clickandbuilds\/mbbusinesssoftware\/","name":"mb-business-software","description":"MB Business Software - Perfekt auf Sie zugeschnitten","publisher":{"@id":"\/clickandbuilds\/mbbusinesssoftware\/#organization"},"potentialAction":[{"@type":"SearchAction","target":{"@type":"EntryPoint","urlTemplate":"\/clickandbuilds\/mbbusinesssoftware\/?s={search_term_string}"},"query-input":"required name=search_term_string"}],"inLanguage":"de"},{"@type":"Organization","@id":"\/clickandbuilds\/mbbusinesssoftware\/#organization","name":"MB Business Software","url":"\/clickandbuilds\/mbbusinesssoftware\/","logo":{"@type":"ImageObject","inLanguage":"de","@id":"\/clickandbuilds\/mbbusinesssoftware\/#\/schema\/logo\/image\/","url":"https:\/\/mb-business-software.de\/wp-content\/uploads\/2019\/05\/icon_MBBS.png","contentUrl":"https:\/\/mb-business-software.de\/wp-content\/uploads\/2019\/05\/icon_MBBS.png","width":149,"height":115,"caption":"MB Business Software"},"image":{"@id":"\/clickandbuilds\/mbbusinesssoftware\/#\/schema\/logo\/image\/"}}]}},"_links":{"self":[{"href":"\/clickandbuilds\/mbbusinesssoftware\/wp-json\/wp\/v2\/pages\/295"}],"collection":[{"href":"\/clickandbuilds\/mbbusinesssoftware\/wp-json\/wp\/v2\/pages"}],"about":[{"href":"\/clickandbuilds\/mbbusinesssoftware\/wp-json\/wp\/v2\/types\/page"}],"author":[{"embeddable":true,"href":"\/clickandbuilds\/mbbusinesssoftware\/wp-json\/wp\/v2\/users\/5"}],"replies":[{"embeddable":true,"href":"\/clickandbuilds\/mbbusinesssoftware\/wp-json\/wp\/v2\/comments?post=295"}],"version-history":[{"count":6,"href":"\/clickandbuilds\/mbbusinesssoftware\/wp-json\/wp\/v2\/pages\/295\/revisions"}],"predecessor-version":[{"id":633,"href":"\/clickandbuilds\/mbbusinesssoftware\/wp-json\/wp\/v2\/pages\/295\/revisions\/633"}],"wp:attachment":[{"href":"\/clickandbuilds\/mbbusinesssoftware\/wp-json\/wp\/v2\/media?parent=295"}],"curies":[{"name":"wp","href":"https:\/\/api.w.org\/{rel}","templated":true}]}}