{"id":80,"date":"2015-08-25T11:20:10","date_gmt":"2015-08-25T09:20:10","guid":{"rendered":"http:\/\/wptest.bkr-support.de\/?page_id=80"},"modified":"2022-11-24T12:58:09","modified_gmt":"2022-11-24T11:58:09","slug":"referenzen","status":"publish","type":"page","link":"\/clickandbuilds\/mbbusinesssoftware\/referenzen\/","title":{"rendered":"Referenzen"},"content":{"rendered":"<h1><span style=\"font-family: 'Open Sans';\">Auszug aus unserer Referenzliste<\/span><\/h1>\n<p><span style=\"font-family: 'Open Sans';\"><div style=\"background-color:#ffffff; color:#333333;\" class=\"lts_section \"><div class=\"lts_section_body\"><\/span><\/p>\n<p><span style=\"font-family: 'Open Sans';\"><a href=\"https:\/\/mb-business-software.de\/wp-content\/uploads\/2015\/08\/siemens.gif\"><img decoding=\"async\" loading=\"lazy\" class=\"alignnone wp-image-127 size-medium\" src=\"https:\/\/mb-business-software.de\/wp-content\/uploads\/2015\/08\/siemens-300x70.gif\" alt=\"\" width=\"300\" height=\"70\" \/><\/a><\/span><\/p>\n<p><span style=\"font-family: 'Open Sans';\">Siemens verfolgt allein im Bereich <em>&#8222;Industry Mobility&#8220;<\/em> gleichzeitig hunderte von Projekten und wir durften einige Tools zur Unterst\u00fctzung und Erleichterung eben dieser entwickeln.<\/span><\/p>\n<p><span style=\"font-family: 'Open Sans';\"><strong>Projektliste:<\/strong> Die Projektliste hilft, involvierte Mitarbeiter zu finden und zu kontaktieren, Milestones zu \u00fcberwachen, flexible Reports zu erstellen und alle wichtigen Informationen zu hinterlegen und wiederzufinden.<\/span><\/p>\n<p><span style=\"font-family: 'Open Sans';\"><strong>Quality Management Tool: <\/strong>Das Quality Management Tool dient dem schnellen Informationsaustausch zwischen allen beteiligten Mitarbeitern \u00fcber im Fertigungsprozess auftretende Komplikationen und allen notwendigen Ma\u00dfnahmen zu deren \u00dcberwindung. Reports und Diagramme zur Berichterstattung k\u00f6nnen leicht erzeugt und weitergeleitet werden.<\/span><\/p>\n<p><span style=\"font-family: 'Open Sans';\"><strong>Account Management Tool: <\/strong>Ein Online-Tool zur Verwaltung wichtiger Kunden- und Angebotsdaten und der \u00dcberwachung aller offenen und der Dokumentation aller abgeschlossenen Projekte war das Ziel.<\/span><\/p>\n<p><span style=\"font-family: 'Open Sans';\"><strong>Business Target Agreement (BTA): <\/strong>Ein einheitliches, weltweit einsetzbares Instrument zur Planung zuk\u00fcnftiger Vertriebsaktivit\u00e4ten und zum Erstellen von Forecasts und Reports in verschiedenen Regionen und Organisationseinheiten wurde gew\u00fcnscht und erschaffen.<\/span><\/p>\n<p><span style=\"font-family: 'Open Sans';\">Im Rahmen der betriebsinternen Berufsausbildung sind wir au\u00dferdem in allen unseren Themenfeldern seit Jahren aktiv an der <strong>Ausbildung<\/strong> beteiligt <em>(Corporate Human Resources)<\/em><\/span><\/p>\n<p><span style=\"font-family: 'Open Sans';\"><\/div><\/div><\/span><\/p>\n<p><span style=\"font-family: 'Open Sans';\"><div style=\"background-color:#f5f5f5; color:#333333;\" class=\"lts_section \"><div class=\"lts_section_body\"><\/span><\/p>\n<p><span style=\"font-family: 'Open Sans';\"><a href=\"https:\/\/mb-business-software.de\/wp-content\/uploads\/2015\/08\/nsn.jpg\"><img decoding=\"async\" loading=\"lazy\" class=\"alignnone wp-image-138 size-full\" src=\"https:\/\/mb-business-software.de\/wp-content\/uploads\/2015\/08\/nsn.jpg\" alt=\"\" width=\"236\" height=\"100\" \/><\/a><\/span><\/p>\n<p><span style=\"font-family: 'Open Sans';\"><strong>Sales Workflow Management:<\/strong> Die Netzwerksparten von Siemens und Nokia haben fusioniert. Wir haben den Vertrieb im Bereich Angebotserstellung und -verfolgung unterst\u00fctzt. Ziel war, weltweit tausenden von Mitarbeitern Zugang zu relevanten Kunden- und Auftragsdaten hierarchisch strukturiert und individuell skalierbar zu erm\u00f6glichen.<\/div><\/div><\/span><\/p>\n<p><span style=\"font-family: 'Open Sans';\"><div style=\"background-color:#ffffff; color:#333333;\" class=\"lts_section \"><div class=\"lts_section_body\"><\/span><\/p>\n<p><span style=\"font-family: 'Open Sans';\"><a href=\"https:\/\/mb-business-software.de\/wp-content\/uploads\/2015\/08\/cortalconsors.gif\"><img decoding=\"async\" loading=\"lazy\" class=\"alignnone wp-image-139 size-full\" src=\"https:\/\/mb-business-software.de\/wp-content\/uploads\/2015\/08\/cortalconsors.gif\" alt=\"\" width=\"270\" height=\"64\" \/><\/a><\/span><\/p>\n<p><span style=\"font-family: 'Open Sans';\">Im Rahmen der Ausbildung f\u00fcr IT-Administratoren f\u00fchrten wir <strong>Seminare zur Vorbereitung auf die Microsoft Zertifizierungen<\/strong> durch.<\/div><\/div><\/span><\/p>\n<p><span style=\"font-family: 'Open Sans';\"><div style=\"background-color:#f5f5f5; color:#333333;\" class=\"lts_section \"><div class=\"lts_section_body\"><\/span><\/p>\n<p><span style=\"font-family: 'Open Sans';\"><a href=\"https:\/\/mb-business-software.de\/wp-content\/uploads\/2015\/08\/adidasGroup.gif\"><img decoding=\"async\" loading=\"lazy\" class=\"alignnone wp-image-151 size-full\" src=\"https:\/\/mb-business-software.de\/wp-content\/uploads\/2015\/08\/adidasGroup.gif\" alt=\"\" width=\"195\" height=\"100\" \/><\/a><\/span><\/p>\n<p><span style=\"font-family: 'Open Sans';\">Im Rahmen des unternehmensweiten Umstiegs von Betriebssystemversionen und MS-Office-Versionen haben wir die Mitarbeiter des Kunden durch individualisierte<strong> Seminare<\/strong> auf die neuen Anforderungen mit vorbereitet. Weiterf\u00fchrende Seminare und Workshops zu diesen Themen schlossen sich an.<\/div><\/div><\/span><\/p>\n","protected":false},"excerpt":{"rendered":"<p>Auszug aus unserer Referenzliste<\/p>\n","protected":false},"author":5,"featured_media":0,"parent":0,"menu_order":0,"comment_status":"closed","ping_status":"closed","template":"","meta":[],"yoast_head":"<!-- This site is optimized with the Yoast SEO plugin v19.14 - https:\/\/yoast.com\/wordpress\/plugins\/seo\/ -->\n<title>Referenzen - Auszug aus unserer Referenzliste<\/title>\n<meta name=\"description\" content=\"Referenzen - Auszug aus unserer Referenzliste\" \/>\n<meta name=\"robots\" content=\"index, follow, max-snippet:-1, max-image-preview:large, max-video-preview:-1\" \/>\n<link rel=\"canonical\" href=\"http:\/\/clickandbuilds\/mbbusinesssoftware\/referenzen\/clickandbuilds\/mbbusinesssoftware\/referenzen\/\" \/>\n<meta property=\"og:locale\" content=\"de_DE\" \/>\n<meta property=\"og:type\" content=\"article\" \/>\n<meta property=\"og:title\" content=\"Referenzen - Auszug aus unserer Referenzliste\" \/>\n<meta property=\"og:description\" content=\"Referenzen - Auszug aus unserer Referenzliste\" \/>\n<meta property=\"og:url\" content=\"\/clickandbuilds\/mbbusinesssoftware\/referenzen\/\" \/>\n<meta property=\"og:site_name\" content=\"mb-business-software\" \/>\n<meta property=\"article:modified_time\" content=\"2022-11-24T11:58:09+00:00\" \/>\n<meta property=\"og:image\" content=\"https:\/\/mb-business-software.de\/wp-content\/uploads\/2015\/08\/siemens-300x70.gif\" \/>\n<meta name=\"twitter:card\" content=\"summary_large_image\" \/>\n<meta name=\"twitter:label1\" content=\"Gesch\u00e4tzte Lesezeit\" \/>\n\t<meta name=\"twitter:data1\" content=\"2\u00a0Minuten\" \/>\n<script type=\"application\/ld+json\" class=\"yoast-schema-graph\">{\"@context\":\"https:\/\/schema.org\",\"@graph\":[{\"@type\":\"WebPage\",\"@id\":\"\/clickandbuilds\/mbbusinesssoftware\/referenzen\/\",\"url\":\"clickandbuilds\/mbbusinesssoftware\/referenzen\/clickandbuilds\/mbbusinesssoftware\/referenzen\/\",\"name\":\"Referenzen - Auszug aus unserer Referenzliste\",\"isPartOf\":{\"@id\":\"\/clickandbuilds\/mbbusinesssoftware\/#website\"},\"datePublished\":\"2015-08-25T09:20:10+00:00\",\"dateModified\":\"2022-11-24T11:58:09+00:00\",\"description\":\"Referenzen - Auszug aus unserer Referenzliste\",\"breadcrumb\":{\"@id\":\"clickandbuilds\/mbbusinesssoftware\/referenzen\/clickandbuilds\/mbbusinesssoftware\/referenzen\/#breadcrumb\"},\"inLanguage\":\"de\",\"potentialAction\":[{\"@type\":\"ReadAction\",\"target\":[\"clickandbuilds\/mbbusinesssoftware\/referenzen\/clickandbuilds\/mbbusinesssoftware\/referenzen\/\"]}]},{\"@type\":\"BreadcrumbList\",\"@id\":\"clickandbuilds\/mbbusinesssoftware\/referenzen\/clickandbuilds\/mbbusinesssoftware\/referenzen\/#breadcrumb\",\"itemListElement\":[{\"@type\":\"ListItem\",\"position\":1,\"name\":\"Startseite\",\"item\":\"\/clickandbuilds\/mbbusinesssoftware\/\"},{\"@type\":\"ListItem\",\"position\":2,\"name\":\"Referenzen\"}]},{\"@type\":\"WebSite\",\"@id\":\"\/clickandbuilds\/mbbusinesssoftware\/#website\",\"url\":\"\/clickandbuilds\/mbbusinesssoftware\/\",\"name\":\"mb-business-software\",\"description\":\"MB Business Software - Perfekt auf Sie zugeschnitten\",\"publisher\":{\"@id\":\"\/clickandbuilds\/mbbusinesssoftware\/#organization\"},\"potentialAction\":[{\"@type\":\"SearchAction\",\"target\":{\"@type\":\"EntryPoint\",\"urlTemplate\":\"\/clickandbuilds\/mbbusinesssoftware\/?s={search_term_string}\"},\"query-input\":\"required name=search_term_string\"}],\"inLanguage\":\"de\"},{\"@type\":\"Organization\",\"@id\":\"\/clickandbuilds\/mbbusinesssoftware\/#organization\",\"name\":\"MB Business Software\",\"url\":\"\/clickandbuilds\/mbbusinesssoftware\/\",\"logo\":{\"@type\":\"ImageObject\",\"inLanguage\":\"de\",\"@id\":\"\/clickandbuilds\/mbbusinesssoftware\/#\/schema\/logo\/image\/\",\"url\":\"https:\/\/mb-business-software.de\/wp-content\/uploads\/2019\/05\/icon_MBBS.png\",\"contentUrl\":\"https:\/\/mb-business-software.de\/wp-content\/uploads\/2019\/05\/icon_MBBS.png\",\"width\":149,\"height\":115,\"caption\":\"MB Business Software\"},\"image\":{\"@id\":\"\/clickandbuilds\/mbbusinesssoftware\/#\/schema\/logo\/image\/\"}}]}<\/script>\n<!-- \/ Yoast SEO plugin. -->","yoast_head_json":{"title":"Referenzen - Auszug aus unserer Referenzliste","description":"Referenzen - Auszug aus unserer Referenzliste","robots":{"index":"index","follow":"follow","max-snippet":"max-snippet:-1","max-image-preview":"max-image-preview:large","max-video-preview":"max-video-preview:-1"},"canonical":"clickandbuilds\/mbbusinesssoftware\/referenzen\/clickandbuilds\/mbbusinesssoftware\/referenzen\/","og_locale":"de_DE","og_type":"article","og_title":"Referenzen - Auszug aus unserer Referenzliste","og_description":"Referenzen - Auszug aus unserer Referenzliste","og_url":"\/clickandbuilds\/mbbusinesssoftware\/referenzen\/","og_site_name":"mb-business-software","article_modified_time":"2022-11-24T11:58:09+00:00","og_image":[{"url":"https:\/\/mb-business-software.de\/wp-content\/uploads\/2015\/08\/siemens-300x70.gif"}],"twitter_card":"summary_large_image","twitter_misc":{"Gesch\u00e4tzte Lesezeit":"2\u00a0Minuten"},"schema":{"@context":"https:\/\/schema.org","@graph":[{"@type":"WebPage","@id":"\/clickandbuilds\/mbbusinesssoftware\/referenzen\/","url":"clickandbuilds\/mbbusinesssoftware\/referenzen\/clickandbuilds\/mbbusinesssoftware\/referenzen\/","name":"Referenzen - Auszug aus unserer Referenzliste","isPartOf":{"@id":"\/clickandbuilds\/mbbusinesssoftware\/#website"},"datePublished":"2015-08-25T09:20:10+00:00","dateModified":"2022-11-24T11:58:09+00:00","description":"Referenzen - Auszug aus unserer Referenzliste","breadcrumb":{"@id":"clickandbuilds\/mbbusinesssoftware\/referenzen\/clickandbuilds\/mbbusinesssoftware\/referenzen\/#breadcrumb"},"inLanguage":"de","potentialAction":[{"@type":"ReadAction","target":["clickandbuilds\/mbbusinesssoftware\/referenzen\/clickandbuilds\/mbbusinesssoftware\/referenzen\/"]}]},{"@type":"BreadcrumbList","@id":"clickandbuilds\/mbbusinesssoftware\/referenzen\/clickandbuilds\/mbbusinesssoftware\/referenzen\/#breadcrumb","itemListElement":[{"@type":"ListItem","position":1,"name":"Startseite","item":"\/clickandbuilds\/mbbusinesssoftware\/"},{"@type":"ListItem","position":2,"name":"Referenzen"}]},{"@type":"WebSite","@id":"\/clickandbuilds\/mbbusinesssoftware\/#website","url":"\/clickandbuilds\/mbbusinesssoftware\/","name":"mb-business-software","description":"MB Business Software - Perfekt auf Sie zugeschnitten","publisher":{"@id":"\/clickandbuilds\/mbbusinesssoftware\/#organization"},"potentialAction":[{"@type":"SearchAction","target":{"@type":"EntryPoint","urlTemplate":"\/clickandbuilds\/mbbusinesssoftware\/?s={search_term_string}"},"query-input":"required name=search_term_string"}],"inLanguage":"de"},{"@type":"Organization","@id":"\/clickandbuilds\/mbbusinesssoftware\/#organization","name":"MB Business Software","url":"\/clickandbuilds\/mbbusinesssoftware\/","logo":{"@type":"ImageObject","inLanguage":"de","@id":"\/clickandbuilds\/mbbusinesssoftware\/#\/schema\/logo\/image\/","url":"https:\/\/mb-business-software.de\/wp-content\/uploads\/2019\/05\/icon_MBBS.png","contentUrl":"https:\/\/mb-business-software.de\/wp-content\/uploads\/2019\/05\/icon_MBBS.png","width":149,"height":115,"caption":"MB Business Software"},"image":{"@id":"\/clickandbuilds\/mbbusinesssoftware\/#\/schema\/logo\/image\/"}}]}},"_links":{"self":[{"href":"\/clickandbuilds\/mbbusinesssoftware\/wp-json\/wp\/v2\/pages\/80"}],"collection":[{"href":"\/clickandbuilds\/mbbusinesssoftware\/wp-json\/wp\/v2\/pages"}],"about":[{"href":"\/clickandbuilds\/mbbusinesssoftware\/wp-json\/wp\/v2\/types\/page"}],"author":[{"embeddable":true,"href":"\/clickandbuilds\/mbbusinesssoftware\/wp-json\/wp\/v2\/users\/5"}],"replies":[{"embeddable":true,"href":"\/clickandbuilds\/mbbusinesssoftware\/wp-json\/wp\/v2\/comments?post=80"}],"version-history":[{"count":67,"href":"\/clickandbuilds\/mbbusinesssoftware\/wp-json\/wp\/v2\/pages\/80\/revisions"}],"predecessor-version":[{"id":634,"href":"\/clickandbuilds\/mbbusinesssoftware\/wp-json\/wp\/v2\/pages\/80\/revisions\/634"}],"wp:attachment":[{"href":"\/clickandbuilds\/mbbusinesssoftware\/wp-json\/wp\/v2\/media?parent=80"}],"curies":[{"name":"wp","href":"https:\/\/api.w.org\/{rel}","templated":true}]}}