{"id":83,"date":"2015-08-25T11:20:22","date_gmt":"2015-08-25T09:20:22","guid":{"rendered":"http:\/\/wptest.bkr-support.de\/?page_id=83"},"modified":"2022-11-24T12:41:23","modified_gmt":"2022-11-24T11:41:23","slug":"kundenstimmen","status":"publish","type":"page","link":"\/clickandbuilds\/mbbusinesssoftware\/kundenstimmen\/","title":{"rendered":"Kundenstimmen"},"content":{"rendered":"<h1 class=\"content\"><span style=\"font-family: 'Open Sans';\">Das sagen unsere Kunden \u00fcber uns:<\/span><\/h1>\n<table style=\"height: 213px;\" width=\"1211\">\n<tbody>\n<tr>\n<td style=\"background-color: #f4f4f4;\">\n<h3><span style=\"font-family: 'Open Sans';\">Wer m\u00f6chte schon gerne mit unreifer Software arbeiten und Beta Tester sein? Ich!<\/span><\/h3>\n<p class=\"content\"><span style=\"font-family: 'Open Sans';\">So etwas habe ich vorher noch nie erlebt: Motiviert durch die Verbesserung einer anderen Abteilung, basierend auf den Erkenntnissen aus Daten eines Tools, nahmen wir mit dem Software Haus Brokmann Informationsmanagement GmbH Kontakt auf: &#8222;So ein Tool brauchen wir auch&#8220;. &#8222;K\u00f6nnen wir gerne machen: Wir bauen Ihnen einen Clone und Sie schauen es sich mal an.&#8220;<\/span><\/p>\n<p><span style=\"font-family: 'Open Sans';\">Kurz darauf war es soweit, ich sammelte meine ersten Eindr\u00fccke mit dem Clone und schwupp: Error 42! Hmm, naja: keine Software ist fehlerfrei und es ist ja nur eine fr\u00fche Version. Und dann kam&#8217;s: Wenige Minuten nach der Fehlermeldung rief mich (den User) jemand vom Brokmann-Team (den Entwicklern) an und sagte: Ich sehe Sie haben gerade eine Fehlermeldung erhalten, das liegt an dem und dem Grund und wir stellen Ihnen jetzt eine \u00c4nderung bereit, wenn Sie es dann bitte in ein paar Minuten noch mal versuchen. Wow! Ich, der User, werde angerufen (von der IT, oder gar den Entwicklern), und ich muss nicht die Initiative ergreifen (Fehlerticket senden und wanningern), und muss keine Beweise liefern (kann ich mir nicht vorstellen) und werde nicht als uninformiert dargestellt (nach dem Motto: &#8222;da haben Sie bestimmt was falsch gemacht&#8220;).<\/span><\/p>\n<p><span style=\"font-family: 'Open Sans';\">Und so kam es dann auch: Bald wurde die neue Version bereitgestellt, und weiter ging&#8217;s. Nach kurzer Zeit konstruktiven Schaffens zwischen Auftraggeber Team und Entwickler Team konnten wir live gehen und die Welt wieder ein St\u00fcck besser machen. Mit der &#8222;Brokmann Informationsmanagement GmbH&#8220; haben wir einen au\u00dferordentlich zuverl\u00e4ssigen, flexiblen und p\u00fcnktlichen IT-Partner f\u00fcr schnelle L\u00f6sungen gefunden.<\/span><\/p>\n<p><span style=\"font-family: 'Open Sans';\"><em>(Ralph Zoberbier, Senior Quality Manager, Nokia Siemens Networks)<\/em><\/span><\/td>\n<\/tr>\n<\/tbody>\n<\/table>\n<table style=\"height: 87px;\" width=\"1210\">\n<tbody>\n<tr>\n<td style=\"background-color: #f4f4f4;\">\n<h3 class=\"contentOrange13\"><span style=\"font-family: 'Open Sans';\">Z\u00fcgige und angenehme Zusammenarbeit<\/span><\/h3>\n<p class=\"content\"><span style=\"font-family: 'Open Sans';\">&#8222;Wir bedanken uns noch einmal f\u00fcr die gute, z\u00fcgige und angenehme Zusammenarbeit bei der Entwicklung dieses Tools.&#8220;<\/span><\/p>\n<p><span style=\"font-family: 'Open Sans';\"><em>(Till Dehrmann, Siemens AG, Infrastructure &amp; Cities Sector, Rail Systems Division)<\/em><\/span><\/td>\n<\/tr>\n<\/tbody>\n<\/table>\n","protected":false},"excerpt":{"rendered":"<p>Das sagen unsere Kunden \u00fcber uns: Wer m\u00f6chte schon gerne mit unreifer Software arbeiten und Beta Tester sein? Ich! So etwas habe ich vorher noch nie erlebt: Motiviert durch die Verbesserung einer anderen Abteilung, basierend auf den Erkenntnissen aus Daten eines Tools, nahmen wir mit dem Software Haus Brokmann Informationsmanagement GmbH Kontakt auf: &#8222;So ein<br \/><a class=\"moretag\" href=\"\/clickandbuilds\/mbbusinesssoftware\/kundenstimmen\/\">+ Lesen Sie mehr<\/a><\/p>\n","protected":false},"author":5,"featured_media":0,"parent":0,"menu_order":0,"comment_status":"closed","ping_status":"closed","template":"","meta":[],"yoast_head":"<!-- This site is optimized with the Yoast SEO plugin v19.14 - https:\/\/yoast.com\/wordpress\/plugins\/seo\/ -->\n<title>Kundenstimmen - Das sagen unsere Kunden \u00fcber uns.<\/title>\n<meta name=\"description\" content=\"Kundenstimmen - Das sagen unsere Kunden \u00fcber uns.\" \/>\n<meta name=\"robots\" content=\"index, follow, max-snippet:-1, max-image-preview:large, max-video-preview:-1\" \/>\n<link rel=\"canonical\" href=\"http:\/\/clickandbuilds\/mbbusinesssoftware\/kundenstimmen\/clickandbuilds\/mbbusinesssoftware\/kundenstimmen\/\" \/>\n<meta property=\"og:locale\" content=\"de_DE\" \/>\n<meta property=\"og:type\" content=\"article\" \/>\n<meta property=\"og:title\" content=\"Kundenstimmen - Das sagen unsere Kunden \u00fcber uns.\" \/>\n<meta property=\"og:description\" content=\"Kundenstimmen - Das sagen unsere Kunden \u00fcber uns.\" \/>\n<meta property=\"og:url\" content=\"\/clickandbuilds\/mbbusinesssoftware\/kundenstimmen\/\" \/>\n<meta property=\"og:site_name\" content=\"mb-business-software\" \/>\n<meta property=\"article:modified_time\" content=\"2022-11-24T11:41:23+00:00\" \/>\n<meta name=\"twitter:card\" content=\"summary_large_image\" \/>\n<meta name=\"twitter:label1\" content=\"Gesch\u00e4tzte Lesezeit\" \/>\n\t<meta name=\"twitter:data1\" content=\"2\u00a0Minuten\" \/>\n<script type=\"application\/ld+json\" class=\"yoast-schema-graph\">{\"@context\":\"https:\/\/schema.org\",\"@graph\":[{\"@type\":\"WebPage\",\"@id\":\"\/clickandbuilds\/mbbusinesssoftware\/kundenstimmen\/\",\"url\":\"clickandbuilds\/mbbusinesssoftware\/kundenstimmen\/clickandbuilds\/mbbusinesssoftware\/kundenstimmen\/\",\"name\":\"Kundenstimmen - Das sagen unsere Kunden \u00fcber uns.\",\"isPartOf\":{\"@id\":\"\/clickandbuilds\/mbbusinesssoftware\/#website\"},\"datePublished\":\"2015-08-25T09:20:22+00:00\",\"dateModified\":\"2022-11-24T11:41:23+00:00\",\"description\":\"Kundenstimmen - Das sagen unsere Kunden \u00fcber uns.\",\"breadcrumb\":{\"@id\":\"clickandbuilds\/mbbusinesssoftware\/kundenstimmen\/clickandbuilds\/mbbusinesssoftware\/kundenstimmen\/#breadcrumb\"},\"inLanguage\":\"de\",\"potentialAction\":[{\"@type\":\"ReadAction\",\"target\":[\"clickandbuilds\/mbbusinesssoftware\/kundenstimmen\/clickandbuilds\/mbbusinesssoftware\/kundenstimmen\/\"]}]},{\"@type\":\"BreadcrumbList\",\"@id\":\"clickandbuilds\/mbbusinesssoftware\/kundenstimmen\/clickandbuilds\/mbbusinesssoftware\/kundenstimmen\/#breadcrumb\",\"itemListElement\":[{\"@type\":\"ListItem\",\"position\":1,\"name\":\"Startseite\",\"item\":\"\/clickandbuilds\/mbbusinesssoftware\/\"},{\"@type\":\"ListItem\",\"position\":2,\"name\":\"Kundenstimmen\"}]},{\"@type\":\"WebSite\",\"@id\":\"\/clickandbuilds\/mbbusinesssoftware\/#website\",\"url\":\"\/clickandbuilds\/mbbusinesssoftware\/\",\"name\":\"mb-business-software\",\"description\":\"MB Business Software - Perfekt auf Sie zugeschnitten\",\"publisher\":{\"@id\":\"\/clickandbuilds\/mbbusinesssoftware\/#organization\"},\"potentialAction\":[{\"@type\":\"SearchAction\",\"target\":{\"@type\":\"EntryPoint\",\"urlTemplate\":\"\/clickandbuilds\/mbbusinesssoftware\/?s={search_term_string}\"},\"query-input\":\"required name=search_term_string\"}],\"inLanguage\":\"de\"},{\"@type\":\"Organization\",\"@id\":\"\/clickandbuilds\/mbbusinesssoftware\/#organization\",\"name\":\"MB Business Software\",\"url\":\"\/clickandbuilds\/mbbusinesssoftware\/\",\"logo\":{\"@type\":\"ImageObject\",\"inLanguage\":\"de\",\"@id\":\"\/clickandbuilds\/mbbusinesssoftware\/#\/schema\/logo\/image\/\",\"url\":\"https:\/\/mb-business-software.de\/wp-content\/uploads\/2019\/05\/icon_MBBS.png\",\"contentUrl\":\"https:\/\/mb-business-software.de\/wp-content\/uploads\/2019\/05\/icon_MBBS.png\",\"width\":149,\"height\":115,\"caption\":\"MB Business Software\"},\"image\":{\"@id\":\"\/clickandbuilds\/mbbusinesssoftware\/#\/schema\/logo\/image\/\"}}]}<\/script>\n<!-- \/ Yoast SEO plugin. -->","yoast_head_json":{"title":"Kundenstimmen - Das sagen unsere Kunden \u00fcber uns.","description":"Kundenstimmen - Das sagen unsere Kunden \u00fcber uns.","robots":{"index":"index","follow":"follow","max-snippet":"max-snippet:-1","max-image-preview":"max-image-preview:large","max-video-preview":"max-video-preview:-1"},"canonical":"clickandbuilds\/mbbusinesssoftware\/kundenstimmen\/clickandbuilds\/mbbusinesssoftware\/kundenstimmen\/","og_locale":"de_DE","og_type":"article","og_title":"Kundenstimmen - Das sagen unsere Kunden \u00fcber uns.","og_description":"Kundenstimmen - Das sagen unsere Kunden \u00fcber uns.","og_url":"\/clickandbuilds\/mbbusinesssoftware\/kundenstimmen\/","og_site_name":"mb-business-software","article_modified_time":"2022-11-24T11:41:23+00:00","twitter_card":"summary_large_image","twitter_misc":{"Gesch\u00e4tzte Lesezeit":"2\u00a0Minuten"},"schema":{"@context":"https:\/\/schema.org","@graph":[{"@type":"WebPage","@id":"\/clickandbuilds\/mbbusinesssoftware\/kundenstimmen\/","url":"clickandbuilds\/mbbusinesssoftware\/kundenstimmen\/clickandbuilds\/mbbusinesssoftware\/kundenstimmen\/","name":"Kundenstimmen - Das sagen unsere Kunden \u00fcber uns.","isPartOf":{"@id":"\/clickandbuilds\/mbbusinesssoftware\/#website"},"datePublished":"2015-08-25T09:20:22+00:00","dateModified":"2022-11-24T11:41:23+00:00","description":"Kundenstimmen - Das sagen unsere Kunden \u00fcber uns.","breadcrumb":{"@id":"clickandbuilds\/mbbusinesssoftware\/kundenstimmen\/clickandbuilds\/mbbusinesssoftware\/kundenstimmen\/#breadcrumb"},"inLanguage":"de","potentialAction":[{"@type":"ReadAction","target":["clickandbuilds\/mbbusinesssoftware\/kundenstimmen\/clickandbuilds\/mbbusinesssoftware\/kundenstimmen\/"]}]},{"@type":"BreadcrumbList","@id":"clickandbuilds\/mbbusinesssoftware\/kundenstimmen\/clickandbuilds\/mbbusinesssoftware\/kundenstimmen\/#breadcrumb","itemListElement":[{"@type":"ListItem","position":1,"name":"Startseite","item":"\/clickandbuilds\/mbbusinesssoftware\/"},{"@type":"ListItem","position":2,"name":"Kundenstimmen"}]},{"@type":"WebSite","@id":"\/clickandbuilds\/mbbusinesssoftware\/#website","url":"\/clickandbuilds\/mbbusinesssoftware\/","name":"mb-business-software","description":"MB Business Software - Perfekt auf Sie zugeschnitten","publisher":{"@id":"\/clickandbuilds\/mbbusinesssoftware\/#organization"},"potentialAction":[{"@type":"SearchAction","target":{"@type":"EntryPoint","urlTemplate":"\/clickandbuilds\/mbbusinesssoftware\/?s={search_term_string}"},"query-input":"required name=search_term_string"}],"inLanguage":"de"},{"@type":"Organization","@id":"\/clickandbuilds\/mbbusinesssoftware\/#organization","name":"MB Business Software","url":"\/clickandbuilds\/mbbusinesssoftware\/","logo":{"@type":"ImageObject","inLanguage":"de","@id":"\/clickandbuilds\/mbbusinesssoftware\/#\/schema\/logo\/image\/","url":"https:\/\/mb-business-software.de\/wp-content\/uploads\/2019\/05\/icon_MBBS.png","contentUrl":"https:\/\/mb-business-software.de\/wp-content\/uploads\/2019\/05\/icon_MBBS.png","width":149,"height":115,"caption":"MB Business Software"},"image":{"@id":"\/clickandbuilds\/mbbusinesssoftware\/#\/schema\/logo\/image\/"}}]}},"_links":{"self":[{"href":"\/clickandbuilds\/mbbusinesssoftware\/wp-json\/wp\/v2\/pages\/83"}],"collection":[{"href":"\/clickandbuilds\/mbbusinesssoftware\/wp-json\/wp\/v2\/pages"}],"about":[{"href":"\/clickandbuilds\/mbbusinesssoftware\/wp-json\/wp\/v2\/types\/page"}],"author":[{"embeddable":true,"href":"\/clickandbuilds\/mbbusinesssoftware\/wp-json\/wp\/v2\/users\/5"}],"replies":[{"embeddable":true,"href":"\/clickandbuilds\/mbbusinesssoftware\/wp-json\/wp\/v2\/comments?post=83"}],"version-history":[{"count":11,"href":"\/clickandbuilds\/mbbusinesssoftware\/wp-json\/wp\/v2\/pages\/83\/revisions"}],"predecessor-version":[{"id":631,"href":"\/clickandbuilds\/mbbusinesssoftware\/wp-json\/wp\/v2\/pages\/83\/revisions\/631"}],"wp:attachment":[{"href":"\/clickandbuilds\/mbbusinesssoftware\/wp-json\/wp\/v2\/media?parent=83"}],"curies":[{"name":"wp","href":"https:\/\/api.w.org\/{rel}","templated":true}]}}