{"id":95,"date":"2015-08-25T11:27:44","date_gmt":"2015-08-25T09:27:44","guid":{"rendered":"http:\/\/wptest.bkr-support.de\/?page_id=95"},"modified":"2022-11-24T12:58:57","modified_gmt":"2022-11-24T11:58:57","slug":"anfahrt","status":"publish","type":"page","link":"\/clickandbuilds\/mbbusinesssoftware\/anfahrt\/","title":{"rendered":"Anfahrt"},"content":{"rendered":"<h1><span style=\"font-family: 'Open Sans';\">So finden Sie zu uns<\/span><\/h1>\n<p><span style=\"font-family: 'Open Sans';\"><strong>MB Business Software GmbH<br \/>\n<\/strong>Schnieglinger Str. 26<\/span><br \/>\n<span style=\"font-family: 'Open Sans';\">D-90419 N\u00fcrnberg<\/span><\/p>\n<p><iframe loading=\"lazy\" style=\"border: 0;\" src=\"https:\/\/www.google.com\/maps\/embed?pb=!1m23!1m12!1m3!1d2593.228273052001!2d11.055599676808642!3d49.46130131178958!2m3!1f0!2f0!3f0!3m2!1i1024!2i768!4f13.1!4m8!3e6!4m5!1s0x479f564f0c48701d%3A0xa8668e85ee8d02f2!2sSchnieglinger+Stra%C3%9Fe+26%2C+90419+N%C3%BCrnberg!3m2!1d49.46165!2d11.055309999999999!4m0!5e0!3m2!1sde!2sde!4v1440662891920\" width=\"1050\" height=\"500\" frameborder=\"0\" allowfullscreen=\"allowfullscreen\"><\/iframe><\/p>\n<p><span style=\"font-family: 'Open Sans';\"><b>Wegbeschreibung:<\/b><\/span><\/p>\n<p><span style=\"font-family: 'Open Sans';\"><strong>mit dem Auto:<\/strong> \u00fcber den Nordostring &#8211; Kreuzung Schnieglinger Str.(Westfriedhof)<\/span><br \/>\n<span style=\"font-family: 'Open Sans';\">Stadteinw\u00e4rts, ca. 200 Meter auf der linken Seite<\/span><br \/>\n<span style=\"font-family: 'Open Sans';\"><strong>mit \u00d6ffentlichen Verkehrsmitteln:<\/strong> Stra\u00dfenbahnlinie 6 &#8211; Haltestelle Julienstra\u00dfe<\/span><\/p>\n","protected":false},"excerpt":{"rendered":"<p>So finden Sie zu uns MB Business Software GmbH Schnieglinger Str. 26 D-90419 N\u00fcrnberg Wegbeschreibung: mit dem Auto: \u00fcber den Nordostring &#8211; Kreuzung Schnieglinger Str.(Westfriedhof) Stadteinw\u00e4rts, ca. 200 Meter auf der linken Seite mit \u00d6ffentlichen Verkehrsmitteln: Stra\u00dfenbahnlinie 6 &#8211; Haltestelle Julienstra\u00dfe<\/p>\n","protected":false},"author":5,"featured_media":0,"parent":0,"menu_order":0,"comment_status":"closed","ping_status":"closed","template":"","meta":[],"yoast_head":"<!-- This site is optimized with the Yoast SEO plugin v19.14 - https:\/\/yoast.com\/wordpress\/plugins\/seo\/ -->\n<title>Anfahrt - So finden Sie zu uns<\/title>\n<meta name=\"description\" content=\"Anfahrt - So finden Sie zu uns\" \/>\n<meta name=\"robots\" content=\"index, follow, max-snippet:-1, max-image-preview:large, max-video-preview:-1\" \/>\n<link rel=\"canonical\" href=\"http:\/\/clickandbuilds\/mbbusinesssoftware\/anfahrt\/clickandbuilds\/mbbusinesssoftware\/anfahrt\/\" \/>\n<meta property=\"og:locale\" content=\"de_DE\" \/>\n<meta property=\"og:type\" content=\"article\" \/>\n<meta property=\"og:title\" content=\"Anfahrt - So finden Sie zu uns\" \/>\n<meta property=\"og:description\" content=\"Anfahrt - So finden Sie zu uns\" \/>\n<meta property=\"og:url\" content=\"\/clickandbuilds\/mbbusinesssoftware\/anfahrt\/\" \/>\n<meta property=\"og:site_name\" content=\"mb-business-software\" \/>\n<meta property=\"article:modified_time\" content=\"2022-11-24T11:58:57+00:00\" \/>\n<meta name=\"twitter:card\" content=\"summary_large_image\" \/>\n<script type=\"application\/ld+json\" class=\"yoast-schema-graph\">{\"@context\":\"https:\/\/schema.org\",\"@graph\":[{\"@type\":\"WebPage\",\"@id\":\"\/clickandbuilds\/mbbusinesssoftware\/anfahrt\/\",\"url\":\"clickandbuilds\/mbbusinesssoftware\/anfahrt\/clickandbuilds\/mbbusinesssoftware\/anfahrt\/\",\"name\":\"Anfahrt - So finden Sie zu uns\",\"isPartOf\":{\"@id\":\"\/clickandbuilds\/mbbusinesssoftware\/#website\"},\"datePublished\":\"2015-08-25T09:27:44+00:00\",\"dateModified\":\"2022-11-24T11:58:57+00:00\",\"description\":\"Anfahrt - So finden Sie zu uns\",\"breadcrumb\":{\"@id\":\"clickandbuilds\/mbbusinesssoftware\/anfahrt\/clickandbuilds\/mbbusinesssoftware\/anfahrt\/#breadcrumb\"},\"inLanguage\":\"de\",\"potentialAction\":[{\"@type\":\"ReadAction\",\"target\":[\"clickandbuilds\/mbbusinesssoftware\/anfahrt\/clickandbuilds\/mbbusinesssoftware\/anfahrt\/\"]}]},{\"@type\":\"BreadcrumbList\",\"@id\":\"clickandbuilds\/mbbusinesssoftware\/anfahrt\/clickandbuilds\/mbbusinesssoftware\/anfahrt\/#breadcrumb\",\"itemListElement\":[{\"@type\":\"ListItem\",\"position\":1,\"name\":\"Startseite\",\"item\":\"\/clickandbuilds\/mbbusinesssoftware\/\"},{\"@type\":\"ListItem\",\"position\":2,\"name\":\"Anfahrt\"}]},{\"@type\":\"WebSite\",\"@id\":\"\/clickandbuilds\/mbbusinesssoftware\/#website\",\"url\":\"\/clickandbuilds\/mbbusinesssoftware\/\",\"name\":\"mb-business-software\",\"description\":\"MB Business Software - Perfekt auf Sie zugeschnitten\",\"publisher\":{\"@id\":\"\/clickandbuilds\/mbbusinesssoftware\/#organization\"},\"potentialAction\":[{\"@type\":\"SearchAction\",\"target\":{\"@type\":\"EntryPoint\",\"urlTemplate\":\"\/clickandbuilds\/mbbusinesssoftware\/?s={search_term_string}\"},\"query-input\":\"required name=search_term_string\"}],\"inLanguage\":\"de\"},{\"@type\":\"Organization\",\"@id\":\"\/clickandbuilds\/mbbusinesssoftware\/#organization\",\"name\":\"MB Business Software\",\"url\":\"\/clickandbuilds\/mbbusinesssoftware\/\",\"logo\":{\"@type\":\"ImageObject\",\"inLanguage\":\"de\",\"@id\":\"\/clickandbuilds\/mbbusinesssoftware\/#\/schema\/logo\/image\/\",\"url\":\"https:\/\/mb-business-software.de\/wp-content\/uploads\/2019\/05\/icon_MBBS.png\",\"contentUrl\":\"https:\/\/mb-business-software.de\/wp-content\/uploads\/2019\/05\/icon_MBBS.png\",\"width\":149,\"height\":115,\"caption\":\"MB Business Software\"},\"image\":{\"@id\":\"\/clickandbuilds\/mbbusinesssoftware\/#\/schema\/logo\/image\/\"}}]}<\/script>\n<!-- \/ Yoast SEO plugin. -->","yoast_head_json":{"title":"Anfahrt - So finden Sie zu uns","description":"Anfahrt - So finden Sie zu uns","robots":{"index":"index","follow":"follow","max-snippet":"max-snippet:-1","max-image-preview":"max-image-preview:large","max-video-preview":"max-video-preview:-1"},"canonical":"clickandbuilds\/mbbusinesssoftware\/anfahrt\/clickandbuilds\/mbbusinesssoftware\/anfahrt\/","og_locale":"de_DE","og_type":"article","og_title":"Anfahrt - So finden Sie zu uns","og_description":"Anfahrt - So finden Sie zu uns","og_url":"\/clickandbuilds\/mbbusinesssoftware\/anfahrt\/","og_site_name":"mb-business-software","article_modified_time":"2022-11-24T11:58:57+00:00","twitter_card":"summary_large_image","schema":{"@context":"https:\/\/schema.org","@graph":[{"@type":"WebPage","@id":"\/clickandbuilds\/mbbusinesssoftware\/anfahrt\/","url":"clickandbuilds\/mbbusinesssoftware\/anfahrt\/clickandbuilds\/mbbusinesssoftware\/anfahrt\/","name":"Anfahrt - So finden Sie zu uns","isPartOf":{"@id":"\/clickandbuilds\/mbbusinesssoftware\/#website"},"datePublished":"2015-08-25T09:27:44+00:00","dateModified":"2022-11-24T11:58:57+00:00","description":"Anfahrt - So finden Sie zu uns","breadcrumb":{"@id":"clickandbuilds\/mbbusinesssoftware\/anfahrt\/clickandbuilds\/mbbusinesssoftware\/anfahrt\/#breadcrumb"},"inLanguage":"de","potentialAction":[{"@type":"ReadAction","target":["clickandbuilds\/mbbusinesssoftware\/anfahrt\/clickandbuilds\/mbbusinesssoftware\/anfahrt\/"]}]},{"@type":"BreadcrumbList","@id":"clickandbuilds\/mbbusinesssoftware\/anfahrt\/clickandbuilds\/mbbusinesssoftware\/anfahrt\/#breadcrumb","itemListElement":[{"@type":"ListItem","position":1,"name":"Startseite","item":"\/clickandbuilds\/mbbusinesssoftware\/"},{"@type":"ListItem","position":2,"name":"Anfahrt"}]},{"@type":"WebSite","@id":"\/clickandbuilds\/mbbusinesssoftware\/#website","url":"\/clickandbuilds\/mbbusinesssoftware\/","name":"mb-business-software","description":"MB Business Software - Perfekt auf Sie zugeschnitten","publisher":{"@id":"\/clickandbuilds\/mbbusinesssoftware\/#organization"},"potentialAction":[{"@type":"SearchAction","target":{"@type":"EntryPoint","urlTemplate":"\/clickandbuilds\/mbbusinesssoftware\/?s={search_term_string}"},"query-input":"required name=search_term_string"}],"inLanguage":"de"},{"@type":"Organization","@id":"\/clickandbuilds\/mbbusinesssoftware\/#organization","name":"MB Business Software","url":"\/clickandbuilds\/mbbusinesssoftware\/","logo":{"@type":"ImageObject","inLanguage":"de","@id":"\/clickandbuilds\/mbbusinesssoftware\/#\/schema\/logo\/image\/","url":"https:\/\/mb-business-software.de\/wp-content\/uploads\/2019\/05\/icon_MBBS.png","contentUrl":"https:\/\/mb-business-software.de\/wp-content\/uploads\/2019\/05\/icon_MBBS.png","width":149,"height":115,"caption":"MB Business Software"},"image":{"@id":"\/clickandbuilds\/mbbusinesssoftware\/#\/schema\/logo\/image\/"}}]}},"_links":{"self":[{"href":"\/clickandbuilds\/mbbusinesssoftware\/wp-json\/wp\/v2\/pages\/95"}],"collection":[{"href":"\/clickandbuilds\/mbbusinesssoftware\/wp-json\/wp\/v2\/pages"}],"about":[{"href":"\/clickandbuilds\/mbbusinesssoftware\/wp-json\/wp\/v2\/types\/page"}],"author":[{"embeddable":true,"href":"\/clickandbuilds\/mbbusinesssoftware\/wp-json\/wp\/v2\/users\/5"}],"replies":[{"embeddable":true,"href":"\/clickandbuilds\/mbbusinesssoftware\/wp-json\/wp\/v2\/comments?post=95"}],"version-history":[{"count":6,"href":"\/clickandbuilds\/mbbusinesssoftware\/wp-json\/wp\/v2\/pages\/95\/revisions"}],"predecessor-version":[{"id":636,"href":"\/clickandbuilds\/mbbusinesssoftware\/wp-json\/wp\/v2\/pages\/95\/revisions\/636"}],"wp:attachment":[{"href":"\/clickandbuilds\/mbbusinesssoftware\/wp-json\/wp\/v2\/media?parent=95"}],"curies":[{"name":"wp","href":"https:\/\/api.w.org\/{rel}","templated":true}]}}