{"id":98,"date":"2015-08-25T11:28:16","date_gmt":"2015-08-25T09:28:16","guid":{"rendered":"http:\/\/wptest.bkr-support.de\/?page_id=98"},"modified":"2022-11-24T13:01:01","modified_gmt":"2022-11-24T12:01:01","slug":"impressum","status":"publish","type":"page","link":"\/clickandbuilds\/mbbusinesssoftware\/impressum\/","title":{"rendered":"Impressum"},"content":{"rendered":"<h1><span style=\"font-family: 'Open Sans';\">Impressum<\/span><\/h1>\n<h2><span style=\"font-family: 'Open Sans';\">Angaben gem\u00e4\u00df \u00a7 5 TMG:<\/span><\/h2>\n<p><span style=\"font-family: 'Open Sans';\">MB Business Software GmbH<\/span><br \/>\n<span style=\"font-family: 'Open Sans';\">Schnieglinger Str. 26<\/span><br \/>\n<span style=\"font-family: 'Open Sans';\">90419 N\u00fcrnberg<\/span><\/p>\n<p><span style=\"font-family: 'Open Sans';\">Vertreten durch:<\/span><br \/>\n<span style=\"font-family: 'Open Sans';\">Dipl.-Kfm. Michael Ballis<\/span><\/p>\n<p><span style=\"font-family: 'Open Sans';\">Kontakt:<\/span><br \/>\n<span style=\"font-family: 'Open Sans';\">Telefon: <span class=\"baec5a81-e4d6-4674-97f3-e9220f0136c1\" style=\"white-space: nowrap;\">+49 (0) 911 376 77 365<a style=\"margin: 0px; border: currentColor; left: 0px; top: 0px; width: 16px; height: 16px; right: 0px; bottom: 0px; overflow: hidden; vertical-align: middle; float: none; display: inline; white-space: nowrap; position: static !important;\" title=\"Anrufen: +49 (0) 911 910266-0\" href=\"#\"><img decoding=\"async\" style=\"margin: 0px; border: currentColor; left: 0px; top: 0px; width: 16px; height: 16px; right: 0px; bottom: 0px; overflow: hidden; vertical-align: middle; float: none; display: inline; white-space: nowrap; position: static !important;\" title=\"Anrufen: +49 (0) 911 910266-0\" src=\"data:image\/png;base64,iVBORw0KGgoAAAANSUhEUgAAABAAAAAQCAYAAAAf8\/9hAAABcklEQVR4XpXTPUvDUBTH4aR2c2hBQXGpTiIORhBcBOvgYKf0Awi+4Ggr1MVPIIrYdnEpShddHIyLi6AVXVxsRRDRwbi4KNgu4lCIv8i\/i6QRDzycy+09555LqOl5nhEUptPoJe1iDHU8oYlrlDw79m4QEbSLPexzsIc8hDRm8YBjLpj4q8EgxQdab+MNd4ghhQ2adIc1+ORAFEnWWfTDRp7GDfImlsIavKALLuqoqMGUCs4wHtagiQ5uc8kDyCOBKlP1k78QNTOZnMXCQRxWsbjl6iuskV41SQG2Gj9rikvcR1WcgKFDBa1LOEUK56hqv8BUFV3SGWkVS9JQ6Dsv4wQ1DKMPORUvkm78BhdQMI1CTa5I0yrcwSFqFD+SZ7DQesIkCG5S\/JpkHYERQRmuNsrZ7Grc+Ef8\/Bcoslkfae8Wc7CUHZ++TuAEBj86pHntjaDKXllPy6PW\/gkKFaThwp\/K87N8hDcQTTKKFTioSxqB8Q2BNX5JtAljwgAAAABJRU5ErkJggg==\" \/><\/a><\/span><\/span><br \/>\n<span style=\"font-family: 'Open Sans';\">E-Mail: <a href=\"mailto:team@mb-business-software.de\">team@mb-business-software.de<\/a><\/span><\/p>\n<p><span style=\"font-family: 'Open Sans';\">Registergericht: Amtsgericht N\u00fcrnberg HRB Nr. 31652<\/span><\/p>\n<p><span style=\"font-family: 'Open Sans';\">Umsatzsteuer-Identifikationsnummer gem\u00e4\u00df \u00a727 a Umsatzsteuergesetz: DE 299 625 636<\/span><\/p>\n<p><span style=\"font-family: 'Open Sans';\">Quellenangaben f\u00fcr die verwendeten Bilder und Grafiken:<\/span><\/p>\n<p><span style=\"font-family: 'Open Sans';\">\u00a9 Marco2811 &#8211; fotolia.com<\/span><br \/>\n<span style=\"font-family: 'Open Sans';\">\u00a9 goodluz &#8211; fotolia.com<\/span><br \/>\n<span style=\"font-family: 'Open Sans';\">\u00a9 W.Heiber Fotostudio &#8211; fotolia.com<\/span><\/p>\n<p><span style=\"font-family: 'Open Sans';\">Quelle: <a href=\"http:\/\/www.e-recht24.de\" target=\"_blank\" rel=\"noopener noreferrer\">www.e-recht24.de<\/a><\/span><\/p>\n<h1><span style=\"font-family: 'Open Sans';\">Haftungsausschluss (Disclaimer)<\/span><\/h1>\n<h2><span style=\"font-family: 'Open Sans';\">Haftung f\u00fcr Inhalte<\/span><\/h2>\n<p><span style=\"font-family: 'Open Sans';\">Als Diensteanbieter sind wir gem\u00e4\u00df \u00a7 7 Abs.1 TMG f\u00fcr eigene Inhalte auf diesen Seiten nach den allgemeinen Gesetzen verantwortlich. Nach \u00a7\u00a7 8 bis 10 TMG sind wir als Diensteanbieter jedoch nicht verpflichtet, \u00fcbermittelte oder gespeicherte fremde Informationen zu \u00fcberwachen oder nach Umst\u00e4nden zu forschen, die auf eine rechtswidrige T\u00e4tigkeit hinweisen. Verpflichtungen zur Entfernung oder Sperrung der Nutzung von Informationen nach den allgemeinen Gesetzen bleiben hiervon unber\u00fchrt. Eine diesbez\u00fcgliche Haftung ist jedoch erst ab dem Zeitpunkt der Kenntnis einer konkreten Rechtsverletzung m\u00f6glich. Bei Bekanntwerden von entsprechenden Rechtsverletzungen werden wir diese Inhalte umgehend entfernen.<\/span><\/p>\n<h2><span style=\"font-family: 'Open Sans';\">Haftung f\u00fcr Links<\/span><\/h2>\n<p><span style=\"font-family: 'Open Sans';\">Unser Angebot enth\u00e4lt Links zu externen Webseiten Dritter, auf deren Inhalte wir keinen Einfluss haben. Deshalb k\u00f6nnen wir f\u00fcr diese fremden Inhalte auch keine Gew\u00e4hr \u00fcbernehmen. F\u00fcr die Inhalte der verlinkten Seiten ist stets der jeweilige Anbieter oder Betreiber der Seiten verantwortlich. Die verlinkten Seiten wurden zum Zeitpunkt der Verlinkung auf m\u00f6gliche Rechtsverst\u00f6\u00dfe \u00fcberpr\u00fcft. Rechtswidrige Inhalte waren zum Zeitpunkt der Verlinkung nicht erkennbar. Eine permanente inhaltliche Kontrolle der verlinkten Seiten ist jedoch ohne konkrete Anhaltspunkte einer Rechtsverletzung nicht zumutbar. Bei Bekanntwerden von Rechtsverletzungen werden wir derartige Links umgehend entfernen.<\/span><\/p>\n<h2><span style=\"font-family: 'Open Sans';\">Urheberrecht<\/span><\/h2>\n<p><span style=\"font-family: 'Open Sans';\">Die durch die Seitenbetreiber erstellten Inhalte und Werke auf diesen Seiten unterliegen dem deutschen Urheberrecht. Die Vervielf\u00e4ltigung, Bearbeitung, Verbreitung und jede Art der Verwertung au\u00dferhalb der Grenzen des Urheberrechtes bed\u00fcrfen der schriftlichen Zustimmung des jeweiligen Autors bzw. Erstellers. Downloads und Kopien dieser Seite sind nur f\u00fcr den privaten, nicht kommerziellen Gebrauch gestattet. Soweit die Inhalte auf dieser Seite nicht vom Betreiber erstellt wurden, werden die Urheberrechte Dritter beachtet. Insbesondere werden Inhalte Dritter als solche gekennzeichnet. Sollten Sie trotzdem auf eine Urheberrechtsverletzung aufmerksam werden, bitten wir um einen entsprechenden Hinweis. Bei Bekanntwerden von Rechtsverletzungen werden wir derartige Inhalte umgehend entfernen.<\/span><\/p>\n","protected":false},"excerpt":{"rendered":"<p>Impressum Angaben gem\u00e4\u00df \u00a7 5 TMG: MB Business Software GmbH Schnieglinger Str. 26 90419 N\u00fcrnberg Vertreten durch: Dipl.-Kfm. Michael Ballis Kontakt: Telefon: +49 (0) 911 376 77 365 E-Mail: team@mb-business-software.de Registergericht: Amtsgericht N\u00fcrnberg HRB Nr. 31652 Umsatzsteuer-Identifikationsnummer gem\u00e4\u00df \u00a727 a Umsatzsteuergesetz: DE 299 625 636 Quellenangaben f\u00fcr die verwendeten Bilder und Grafiken: \u00a9 Marco2811 &#8211;<br \/><a class=\"moretag\" href=\"\/clickandbuilds\/mbbusinesssoftware\/impressum\/\">+ Lesen Sie mehr<\/a><\/p>\n","protected":false},"author":5,"featured_media":0,"parent":0,"menu_order":0,"comment_status":"closed","ping_status":"closed","template":"","meta":[],"yoast_head":"<!-- This site is optimized with the Yoast SEO plugin v19.14 - https:\/\/yoast.com\/wordpress\/plugins\/seo\/ -->\n<title>Impressum<\/title>\n<meta name=\"description\" content=\"Impressum\" \/>\n<meta name=\"robots\" content=\"index, follow, max-snippet:-1, max-image-preview:large, max-video-preview:-1\" \/>\n<link rel=\"canonical\" href=\"http:\/\/clickandbuilds\/mbbusinesssoftware\/impressum\/clickandbuilds\/mbbusinesssoftware\/impressum\/\" \/>\n<meta property=\"og:locale\" content=\"de_DE\" \/>\n<meta property=\"og:type\" content=\"article\" \/>\n<meta property=\"og:title\" content=\"Impressum\" \/>\n<meta property=\"og:description\" content=\"Impressum\" \/>\n<meta property=\"og:url\" content=\"\/clickandbuilds\/mbbusinesssoftware\/impressum\/\" \/>\n<meta property=\"og:site_name\" content=\"mb-business-software\" \/>\n<meta property=\"article:modified_time\" content=\"2022-11-24T12:01:01+00:00\" \/>\n<meta name=\"twitter:card\" content=\"summary_large_image\" \/>\n<meta name=\"twitter:label1\" content=\"Gesch\u00e4tzte Lesezeit\" \/>\n\t<meta name=\"twitter:data1\" content=\"2\u00a0Minuten\" \/>\n<script type=\"application\/ld+json\" class=\"yoast-schema-graph\">{\"@context\":\"https:\/\/schema.org\",\"@graph\":[{\"@type\":\"WebPage\",\"@id\":\"\/clickandbuilds\/mbbusinesssoftware\/impressum\/\",\"url\":\"clickandbuilds\/mbbusinesssoftware\/impressum\/clickandbuilds\/mbbusinesssoftware\/impressum\/\",\"name\":\"Impressum\",\"isPartOf\":{\"@id\":\"\/clickandbuilds\/mbbusinesssoftware\/#website\"},\"datePublished\":\"2015-08-25T09:28:16+00:00\",\"dateModified\":\"2022-11-24T12:01:01+00:00\",\"description\":\"Impressum\",\"breadcrumb\":{\"@id\":\"clickandbuilds\/mbbusinesssoftware\/impressum\/clickandbuilds\/mbbusinesssoftware\/impressum\/#breadcrumb\"},\"inLanguage\":\"de\",\"potentialAction\":[{\"@type\":\"ReadAction\",\"target\":[\"clickandbuilds\/mbbusinesssoftware\/impressum\/clickandbuilds\/mbbusinesssoftware\/impressum\/\"]}]},{\"@type\":\"BreadcrumbList\",\"@id\":\"clickandbuilds\/mbbusinesssoftware\/impressum\/clickandbuilds\/mbbusinesssoftware\/impressum\/#breadcrumb\",\"itemListElement\":[{\"@type\":\"ListItem\",\"position\":1,\"name\":\"Startseite\",\"item\":\"\/clickandbuilds\/mbbusinesssoftware\/\"},{\"@type\":\"ListItem\",\"position\":2,\"name\":\"Impressum\"}]},{\"@type\":\"WebSite\",\"@id\":\"\/clickandbuilds\/mbbusinesssoftware\/#website\",\"url\":\"\/clickandbuilds\/mbbusinesssoftware\/\",\"name\":\"mb-business-software\",\"description\":\"MB Business Software - Perfekt auf Sie zugeschnitten\",\"publisher\":{\"@id\":\"\/clickandbuilds\/mbbusinesssoftware\/#organization\"},\"potentialAction\":[{\"@type\":\"SearchAction\",\"target\":{\"@type\":\"EntryPoint\",\"urlTemplate\":\"\/clickandbuilds\/mbbusinesssoftware\/?s={search_term_string}\"},\"query-input\":\"required name=search_term_string\"}],\"inLanguage\":\"de\"},{\"@type\":\"Organization\",\"@id\":\"\/clickandbuilds\/mbbusinesssoftware\/#organization\",\"name\":\"MB Business Software\",\"url\":\"\/clickandbuilds\/mbbusinesssoftware\/\",\"logo\":{\"@type\":\"ImageObject\",\"inLanguage\":\"de\",\"@id\":\"\/clickandbuilds\/mbbusinesssoftware\/#\/schema\/logo\/image\/\",\"url\":\"https:\/\/mb-business-software.de\/wp-content\/uploads\/2019\/05\/icon_MBBS.png\",\"contentUrl\":\"https:\/\/mb-business-software.de\/wp-content\/uploads\/2019\/05\/icon_MBBS.png\",\"width\":149,\"height\":115,\"caption\":\"MB Business Software\"},\"image\":{\"@id\":\"\/clickandbuilds\/mbbusinesssoftware\/#\/schema\/logo\/image\/\"}}]}<\/script>\n<!-- \/ Yoast SEO plugin. -->","yoast_head_json":{"title":"Impressum","description":"Impressum","robots":{"index":"index","follow":"follow","max-snippet":"max-snippet:-1","max-image-preview":"max-image-preview:large","max-video-preview":"max-video-preview:-1"},"canonical":"clickandbuilds\/mbbusinesssoftware\/impressum\/clickandbuilds\/mbbusinesssoftware\/impressum\/","og_locale":"de_DE","og_type":"article","og_title":"Impressum","og_description":"Impressum","og_url":"\/clickandbuilds\/mbbusinesssoftware\/impressum\/","og_site_name":"mb-business-software","article_modified_time":"2022-11-24T12:01:01+00:00","twitter_card":"summary_large_image","twitter_misc":{"Gesch\u00e4tzte Lesezeit":"2\u00a0Minuten"},"schema":{"@context":"https:\/\/schema.org","@graph":[{"@type":"WebPage","@id":"\/clickandbuilds\/mbbusinesssoftware\/impressum\/","url":"clickandbuilds\/mbbusinesssoftware\/impressum\/clickandbuilds\/mbbusinesssoftware\/impressum\/","name":"Impressum","isPartOf":{"@id":"\/clickandbuilds\/mbbusinesssoftware\/#website"},"datePublished":"2015-08-25T09:28:16+00:00","dateModified":"2022-11-24T12:01:01+00:00","description":"Impressum","breadcrumb":{"@id":"clickandbuilds\/mbbusinesssoftware\/impressum\/clickandbuilds\/mbbusinesssoftware\/impressum\/#breadcrumb"},"inLanguage":"de","potentialAction":[{"@type":"ReadAction","target":["clickandbuilds\/mbbusinesssoftware\/impressum\/clickandbuilds\/mbbusinesssoftware\/impressum\/"]}]},{"@type":"BreadcrumbList","@id":"clickandbuilds\/mbbusinesssoftware\/impressum\/clickandbuilds\/mbbusinesssoftware\/impressum\/#breadcrumb","itemListElement":[{"@type":"ListItem","position":1,"name":"Startseite","item":"\/clickandbuilds\/mbbusinesssoftware\/"},{"@type":"ListItem","position":2,"name":"Impressum"}]},{"@type":"WebSite","@id":"\/clickandbuilds\/mbbusinesssoftware\/#website","url":"\/clickandbuilds\/mbbusinesssoftware\/","name":"mb-business-software","description":"MB Business Software - Perfekt auf Sie zugeschnitten","publisher":{"@id":"\/clickandbuilds\/mbbusinesssoftware\/#organization"},"potentialAction":[{"@type":"SearchAction","target":{"@type":"EntryPoint","urlTemplate":"\/clickandbuilds\/mbbusinesssoftware\/?s={search_term_string}"},"query-input":"required name=search_term_string"}],"inLanguage":"de"},{"@type":"Organization","@id":"\/clickandbuilds\/mbbusinesssoftware\/#organization","name":"MB Business Software","url":"\/clickandbuilds\/mbbusinesssoftware\/","logo":{"@type":"ImageObject","inLanguage":"de","@id":"\/clickandbuilds\/mbbusinesssoftware\/#\/schema\/logo\/image\/","url":"https:\/\/mb-business-software.de\/wp-content\/uploads\/2019\/05\/icon_MBBS.png","contentUrl":"https:\/\/mb-business-software.de\/wp-content\/uploads\/2019\/05\/icon_MBBS.png","width":149,"height":115,"caption":"MB Business Software"},"image":{"@id":"\/clickandbuilds\/mbbusinesssoftware\/#\/schema\/logo\/image\/"}}]}},"_links":{"self":[{"href":"\/clickandbuilds\/mbbusinesssoftware\/wp-json\/wp\/v2\/pages\/98"}],"collection":[{"href":"\/clickandbuilds\/mbbusinesssoftware\/wp-json\/wp\/v2\/pages"}],"about":[{"href":"\/clickandbuilds\/mbbusinesssoftware\/wp-json\/wp\/v2\/types\/page"}],"author":[{"embeddable":true,"href":"\/clickandbuilds\/mbbusinesssoftware\/wp-json\/wp\/v2\/users\/5"}],"replies":[{"embeddable":true,"href":"\/clickandbuilds\/mbbusinesssoftware\/wp-json\/wp\/v2\/comments?post=98"}],"version-history":[{"count":16,"href":"\/clickandbuilds\/mbbusinesssoftware\/wp-json\/wp\/v2\/pages\/98\/revisions"}],"predecessor-version":[{"id":640,"href":"\/clickandbuilds\/mbbusinesssoftware\/wp-json\/wp\/v2\/pages\/98\/revisions\/640"}],"wp:attachment":[{"href":"\/clickandbuilds\/mbbusinesssoftware\/wp-json\/wp\/v2\/media?parent=98"}],"curies":[{"name":"wp","href":"https:\/\/api.w.org\/{rel}","templated":true}]}}